{"id":2007,"date":"2025-07-14T17:43:29","date_gmt":"2025-07-14T17:43:29","guid":{"rendered":"https:\/\/abridia.com\/?page_id=2007"},"modified":"2025-10-30T06:26:47","modified_gmt":"2025-10-30T06:26:47","slug":"freight-reporting","status":"publish","type":"page","link":"https:\/\/abridia.com\/en\/freight-reporting\/","title":{"rendered":"Freight Reporting"},"content":{"rendered":"<div class=\"wpb-content-wrapper\"><section style=\"\" class=\"vc_section mask vc_custom_1761805023905 vc_section-has-fill\"><div style=\"\" class=\"vc_row wpb_row vc_row-fluid vc_custom_1575622061060\"><div class=\"row-inner\"><div class=\"wpb_column vc_column_container vc_col-sm-7\"><div class=\"vc_column-inner\"><div class=\"wpb_wrapper\"><div style=\"font-size: 3rem;color: #ffffff;text-align: left\" class=\"vc_custom_heading vc_do_custom_heading delay-1 custom-hd wpb_animate_when_almost_visible wpb_fadeInUp fadeInUp vc_custom_1752512031789\" >Our modules<\/div><div class=\"vc_empty_space\"   style=\"height: 20px\"><span class=\"vc_empty_space_inner\"><\/span><\/div><h2 style=\"font-size: 6rem;color: #ffffff;line-height: 0.9;text-align: left\" class=\"vc_custom_heading vc_do_custom_heading custom-hd delay-2 wpb_animate_when_almost_visible wpb_fadeInUp fadeInUp\" >FREIGHT REPORTING<\/h2><div class=\"vc_separator wpb_content_element vc_separator_align_center vc_sep_width_10 vc_sep_border_width_5 vc_sep_pos_align_left vc_separator_no_text vc_sep_color_white vc_custom_1540432371541 wpb_content_element  vc_custom_1540432371541 wpb_content_element delay-4 wpb_animate_when_almost_visible wpb_fadeInUp fadeInUp wpb_animate_when_almost_visible wpb_fadeInUp fadeInUp\" ><span class=\"vc_sep_holder vc_sep_holder_l\"><span class=\"vc_sep_line\"><\/span><\/span><span class=\"vc_sep_holder vc_sep_holder_r\"><span class=\"vc_sep_line\"><\/span><\/span>\n<\/div>\n\t<div class=\"wpb_text_column wpb_content_element wpb_animate_when_almost_visible wpb_fadeInUp fadeInUp vc_custom_1752512180649 delay-3\" >\n\t\t<div class=\"wpb_wrapper\">\n\t\t\t<p><a class=\"button line\" href=\"https:\/\/abridia.com\/en\/contact-us\/\">Request a demo<\/a><\/p>\n\n\t\t<\/div>\n\t<\/div>\n<\/div><\/div><\/div><div class=\"wpb_column vc_column_container vc_col-sm-5\"><div class=\"vc_column-inner\"><div class=\"wpb_wrapper\"><\/div><\/div><\/div><\/div><\/div><\/section><section style=\"\" id=\"overview\" class=\"vc_section\"><div style=\"background-position: center center !important; background-size: 100% 100% !important;\" class=\"vc_row wpb_row vc_row-fluid vc_custom_1758289618900\"><div class=\"row-inner\"><div class=\"wpb_column vc_column_container vc_col-sm-6\"><div class=\"vc_column-inner\"><div class=\"wpb_wrapper\"><div class=\"vc_empty_space\"   style=\"height: 80px\"><span class=\"vc_empty_space_inner\"><\/span><\/div><h2 style=\"color: #0A51DF;text-align: left\" class=\"vc_custom_heading vc_do_custom_heading\" >Clear reports for transparent monitoring and strategic decisions<\/h2><div  class=\"vc_wp_text wpb_content_element\"><div class=\"widget widget_text\">\t\t\t<div class=\"textwidget\"><\/p>\n<div class=\"wpb_text_column wpb_content_element\">\n<div class=\"wpb_wrapper\">\n<p><span style=\"color: #000000;\">Responsible for generating detailed reports through in-depth analysis of transport operations,\nintegrating key performance indicators for informed decision-making.<\/span><\/p>\n<\/div>\n<\/div>\n<p>\n<\/div>\n\t\t<\/div><\/div><div class=\"vc_btn3-container  wpb_animate_when_almost_visible wpb_fadeInLeft fadeInLeft vc_btn3-center vc_custom_1758289608404 vc_do_btn\" ><a onmouseleave=\"this.style.borderColor='#0AE8C8'; this.style.backgroundColor='transparent'; this.style.color='#0AE8C8'\" onmouseenter=\"this.style.borderColor='#0AE8C8'; this.style.backgroundColor='#0AE8C8'; this.style.color='#FFFFFF';\" style=\"border-color:#0AE8C8; color:#0AE8C8;\" class=\"vc_general vc_btn3 vc_btn3-size-lg vc_btn3-shape-rounded vc_btn3-style-outline-custom vc_btn3-block vc_btn3-icon-left\" href=\"https:\/\/abridia.com\/en\/contact\/\" title=\"Contact us\"><i class=\"vc_btn3-icon fa fa-solid fa-link\"><\/i> D\u00e9mo<\/a><\/div><\/div><\/div><\/div><div class=\"wpb_column vc_column_container vc_col-sm-6\"><div class=\"vc_column-inner\"><div class=\"wpb_wrapper\">\n\t<div  class=\"wpb_single_image wpb_content_element vc_align_left wpb_content_element\">\n\t\t\n\t\t<figure class=\"wpb_wrapper vc_figure\">\n\t\t\t<div class=\"vc_single_image-wrapper   vc_box_border_grey\"><img loading=\"lazy\" decoding=\"async\" width=\"2560\" height=\"1707\" src=\"https:\/\/abridia.com\/wp-content\/uploads\/2025\/10\/mature-caucasian-ceo-businessman-leader-with-diver-2025-03-14-20-57-38-utc-1-scaled.webp\" class=\"vc_single_image-img attachment-full\" alt=\"\" title=\"mature-caucasian-ceo-businessman-leader-with-diver-2025-03-14-20-57-38-utc (1)\" srcset=\"https:\/\/abridia.com\/wp-content\/uploads\/2025\/10\/mature-caucasian-ceo-businessman-leader-with-diver-2025-03-14-20-57-38-utc-1-scaled.webp 2560w, https:\/\/abridia.com\/wp-content\/uploads\/2025\/10\/mature-caucasian-ceo-businessman-leader-with-diver-2025-03-14-20-57-38-utc-1-300x200.webp 300w, https:\/\/abridia.com\/wp-content\/uploads\/2025\/10\/mature-caucasian-ceo-businessman-leader-with-diver-2025-03-14-20-57-38-utc-1-1024x683.webp 1024w, https:\/\/abridia.com\/wp-content\/uploads\/2025\/10\/mature-caucasian-ceo-businessman-leader-with-diver-2025-03-14-20-57-38-utc-1-768x512.webp 768w, https:\/\/abridia.com\/wp-content\/uploads\/2025\/10\/mature-caucasian-ceo-businessman-leader-with-diver-2025-03-14-20-57-38-utc-1-1536x1024.webp 1536w, https:\/\/abridia.com\/wp-content\/uploads\/2025\/10\/mature-caucasian-ceo-businessman-leader-with-diver-2025-03-14-20-57-38-utc-1-2048x1365.webp 2048w, https:\/\/abridia.com\/wp-content\/uploads\/2025\/10\/mature-caucasian-ceo-businessman-leader-with-diver-2025-03-14-20-57-38-utc-1-18x12.webp 18w\" sizes=\"auto, (max-width: 2560px) 100vw, 2560px\" \/><\/div>\n\t\t<\/figure>\n\t<\/div>\n<\/div><\/div><\/div><\/div><\/div><\/section><section style=\"\" class=\"vc_section\"><div style=\"\" class=\"vc_row wpb_row vc_row-fluid vc_custom_1752513861998 vc_row-has-fill\"><div class=\"row-inner\"><div class=\"wpb_column vc_column_container vc_col-sm-12\"><div class=\"vc_column-inner\"><div class=\"wpb_wrapper\"><h3 style=\"color: #ffffff;text-align: center\" class=\"vc_custom_heading vc_do_custom_heading\" >Features of FREIGHT REPORTING<\/h3><div class=\"vc_empty_space\"   style=\"height: 32px\"><span class=\"vc_empty_space_inner\"><\/span><\/div><\/div><\/div><\/div><div class=\"wpb_column vc_column_container vc_col-sm-12\"><div class=\"vc_column-inner\"><div class=\"wpb_wrapper\"><div class=\"vc_row wpb_row vc_inner vc_row-fluid vc_custom_1758479973509 vc_row-has-fill vc_row-o-equal-height vc_row-flex\"><div class=\"wpb_column vc_column_container vc_col-sm-4\"><div class=\"vc_column-inner\"><div class=\"wpb_wrapper\"><div class=\"iconbox style4\">\n\n\t<h4 class=\"box-title\">Analyse<\/h4>\n\t<div class=\"box-detail\">\n\t\t<\/p>\n<p style=\"text-align: center\"><span style=\"color: #ffffff\">In-depth analysis of trip <br>history to identify recurring<br> trends and improve operational<br>\nefficiency.<\/span><\/p>\n<p>\n\t\n\t<\/div>\n\t<div class=\"box-icon\"><img decoding=\"async\" src=\"https:\/\/abridia.com\/wp-content\/uploads\/2018\/08\/package-delivered-2312_17814d8b-9916-4be1-b4c7-2a636c4f081e.svg\" alt=\"Analyse\" \/><\/div>\t\n\t\n<\/div><\/div><\/div><\/div><div class=\"wpb_column vc_column_container vc_col-sm-4\"><div class=\"vc_column-inner\"><div class=\"wpb_wrapper\"><div class=\"iconbox style4\">\n\n\t<h4 class=\"box-title\">Controle<\/h4>\n\t<div class=\"box-detail\">\n\t\t<\/p>\n<p style=\"text-align: center\"><span style=\"color: #ffffff\">Monitoring key indicators with simple graphical visualization, including curves representing\nspeed and consumption variations.<\/span><\/p>\n<p>\n\t\n\t<\/div>\n\t<div class=\"box-icon\"><img decoding=\"async\" src=\"https:\/\/abridia.com\/wp-content\/uploads\/2018\/10\/data-app-1773_fbc7ba70-c0d5-4cc7-a53f-afec52c9f809.svg\" alt=\"Contr\u00f4le\" \/><\/div>\t\n\t\n<\/div><\/div><\/div><\/div><div class=\"wpb_column vc_column_container vc_col-sm-4\"><div class=\"vc_column-inner\"><div class=\"wpb_wrapper\"><div class=\"iconbox style4  vc_custom_1758480454296\">\n\n\t<h4 class=\"box-title\">Reports<\/h4>\n\t<div class=\"box-detail\">\n\t\t<\/p>\n<p style=\"text-align: center\"><span style=\"color: #ffffff\">Production of detailed and structured reports, downloadable in PDF or Excel formats.<\/span><\/p>\n<p>\n\t\n\t<\/div>\n\t<div class=\"box-icon\"><img decoding=\"async\" src=\"https:\/\/abridia.com\/wp-content\/uploads\/2018\/08\/certificate-3906_9409fbfb-3ac8-44aa-bdc3-e7793fad872f.svg\" alt=\"Rapports\" \/><\/div>\t\n\t\n<\/div><\/div><\/div><\/div><\/div><\/div><\/div><\/div><\/div><\/div><\/section>\n<\/div>","protected":false},"excerpt":{"rendered":"Nos modulesFREIGHT REPORTING Demander une d\u00e9mo Des rapports clairs pour une surveillance transparente et des d\u00e9cisions strat\u00e9giques Responsable de la g\u00e9n\u00e9ration de rapports d\u00e9taill\u00e9s gr\u00e2ce \u00e0 des analyses approfondies des op\u00e9rations de transport, int\u00e9grant des indicateurs de performance cl\u00e9s pour une prise de d\u00e9cision \u00e9clair\u00e9e. D\u00e9mo Fonctionnalit\u00e9s de FREIGHT REPORTING Analyse Analyse approfondie de l'historique [...]","protected":false},"author":1,"featured_media":0,"parent":0,"menu_order":0,"comment_status":"closed","ping_status":"closed","template":"tmpl\/template-fullwidth.php","meta":{"_acf_changed":false,"om_disable_all_campaigns":false,"pagelayer_contact_templates":[],"_pagelayer_content":"","_monsterinsights_skip_tracking":false,"_monsterinsights_sitenote_active":false,"_monsterinsights_sitenote_note":"","_monsterinsights_sitenote_category":0,"footnotes":""},"class_list":["post-2007","page","type-page","status-publish","hentry"],"acf":[],"aioseo_notices":[],"_links":{"self":[{"href":"https:\/\/abridia.com\/en\/wp-json\/wp\/v2\/pages\/2007","targetHints":{"allow":["GET"]}}],"collection":[{"href":"https:\/\/abridia.com\/en\/wp-json\/wp\/v2\/pages"}],"about":[{"href":"https:\/\/abridia.com\/en\/wp-json\/wp\/v2\/types\/page"}],"author":[{"embeddable":true,"href":"https:\/\/abridia.com\/en\/wp-json\/wp\/v2\/users\/1"}],"replies":[{"embeddable":true,"href":"https:\/\/abridia.com\/en\/wp-json\/wp\/v2\/comments?post=2007"}],"version-history":[{"count":16,"href":"https:\/\/abridia.com\/en\/wp-json\/wp\/v2\/pages\/2007\/revisions"}],"predecessor-version":[{"id":2763,"href":"https:\/\/abridia.com\/en\/wp-json\/wp\/v2\/pages\/2007\/revisions\/2763"}],"wp:attachment":[{"href":"https:\/\/abridia.com\/en\/wp-json\/wp\/v2\/media?parent=2007"}],"curies":[{"name":"wp","href":"https:\/\/api.w.org\/{rel}","templated":true}]}}